{"id":106,"date":"2024-11-08T17:04:57","date_gmt":"2024-11-08T17:04:57","guid":{"rendered":"https:\/\/viviani.raphaelcarvalho.com.br\/?post_type=product&#038;p=106"},"modified":"2024-11-08T17:04:57","modified_gmt":"2024-11-08T17:04:57","slug":"conjunto-panela-para-pudim-3-em-1-revestimento-antiaderente-32l-cereja-tvt-alca-antitermica-mta-8923","status":"publish","type":"product","link":"https:\/\/viviani.raphaelcarvalho.com.br\/index.php\/produto\/conjunto-panela-para-pudim-3-em-1-revestimento-antiaderente-32l-cereja-tvt-alca-antitermica-mta-8923\/","title":{"rendered":"Conjunto Panela para Pudim 3 em 1 Revestimento Antiaderente 3,2L Cereja tvt Al\u00e7a Antit\u00e9rmica mta &#8211; 8923"},"content":{"rendered":"<p>Utilizado no preparo de alimentos que n\u00e3o podem entrar em ebuli\u00e7\u00e3o, como caldas, ovos e pudins, o banho-maria \u00e9 uma t\u00e9cnica de cozimento \u00e0 base de calor indireto. Fabricado no melhor padr\u00e3o de qualidade, com corpo em Alum\u00ednio, o Conjunto Pudim Banho Maria Cereja da mta Alum\u00ednios permite que voc\u00ea fa\u00e7a pudim em Banho Maria e ainda pode usar o caldeir\u00e3o para fazer qualquer outro prato delicioso, at\u00e9 mesmo uma feijoada! Composto por uma ca\u00e7arola e uma forma com revestimento interno e externo em antiaderente, ele oferece um cozimento r\u00e1pido e uniforme dos alimentos al\u00e9m de utilizar sua forma tamb\u00e9m para bolo e evita que eles grudem em seu revestimento, o que proporciona maior facilidade na limpeza. As al\u00e7as s\u00e3o rebitadas em baquelite antit\u00e9rmico, materiais que n\u00e3o aquecem e proporcionam um manuseio mais seguro. Sua tampa \u00e9 em vidro temperado com sa\u00edda de vapor e vai levar mais praticidade para o preparo. O item perfeito para quem gosta de preparar pratos saborosos e de forma muito mais pr\u00e1tica, aquele almo\u00e7o de domingo n\u00e3o pode faltar uma boa sobremesa n\u00e3o \u00e9 mesmo?<\/p>\n","protected":false},"excerpt":{"rendered":"<p>Utilizado no preparo de alimentos que n\u00e3o podem entrar em ebuli\u00e7\u00e3o, como caldas, ovos e pudins, o banho-maria \u00e9 uma t\u00e9cnica de cozimento \u00e0 base de calor indireto. Fabricado no melhor padr\u00e3o de qualidade, com corpo em Alum\u00ednio, o Conjunto Pudim Banho Maria Cereja da mta Alum\u00ednios permite que voc\u00ea fa\u00e7a pudim em Banho Maria [&hellip;]<\/p>\n","protected":false},"featured_media":107,"comment_status":"open","ping_status":"closed","template":"","meta":[],"product_cat":[19],"product_tag":[],"class_list":{"0":"post-106","1":"product","2":"type-product","3":"status-publish","4":"has-post-thumbnail","6":"product_cat-sem-categoria","8":"first","9":"instock","10":"shipping-taxable","11":"purchasable","12":"product-type-simple"},"_links":{"self":[{"href":"https:\/\/viviani.raphaelcarvalho.com.br\/index.php\/wp-json\/wp\/v2\/product\/106","targetHints":{"allow":["GET"]}}],"collection":[{"href":"https:\/\/viviani.raphaelcarvalho.com.br\/index.php\/wp-json\/wp\/v2\/product"}],"about":[{"href":"https:\/\/viviani.raphaelcarvalho.com.br\/index.php\/wp-json\/wp\/v2\/types\/product"}],"replies":[{"embeddable":true,"href":"https:\/\/viviani.raphaelcarvalho.com.br\/index.php\/wp-json\/wp\/v2\/comments?post=106"}],"wp:featuredmedia":[{"embeddable":true,"href":"https:\/\/viviani.raphaelcarvalho.com.br\/index.php\/wp-json\/wp\/v2\/media\/107"}],"wp:attachment":[{"href":"https:\/\/viviani.raphaelcarvalho.com.br\/index.php\/wp-json\/wp\/v2\/media?parent=106"}],"wp:term":[{"taxonomy":"product_cat","embeddable":true,"href":"https:\/\/viviani.raphaelcarvalho.com.br\/index.php\/wp-json\/wp\/v2\/product_cat?post=106"},{"taxonomy":"product_tag","embeddable":true,"href":"https:\/\/viviani.raphaelcarvalho.com.br\/index.php\/wp-json\/wp\/v2\/product_tag?post=106"}],"curies":[{"name":"wp","href":"https:\/\/api.w.org\/{rel}","templated":true}]}}