{"id":117,"date":"2024-11-11T14:16:29","date_gmt":"2024-11-11T14:16:29","guid":{"rendered":"https:\/\/viviani.raphaelcarvalho.com.br\/?post_type=product&#038;p=117"},"modified":"2024-11-11T14:16:29","modified_gmt":"2024-11-11T14:16:29","slug":"jogo-de-xicaras-cafe-cha-coloridas-com-suporte-kit-6-canecas","status":"publish","type":"product","link":"https:\/\/viviani.raphaelcarvalho.com.br\/index.php\/produto\/jogo-de-xicaras-cafe-cha-coloridas-com-suporte-kit-6-canecas\/","title":{"rendered":"Jogo De X\u00edcaras Caf\u00e9 Ch\u00e1 Coloridas Com Suporte Kit 6 Canecas"},"content":{"rendered":"<p>Adicione um toque de cor e estilo \u00e0 sua cozinha! Esse jogo de xicaras \u00e9 uma adi\u00e7\u00e3o divertida e elegante para qualquer cozinha. Ele \u00e9 perfeito para uso di\u00e1rio ou para ocasi\u00f5es especiais e tamb\u00e9m \u00e9 uma excelente op\u00e7\u00e3o de presente para amigos e familiares. Outra forma divertida de usar essas x\u00edcaras \u00e9 atribuir uma cor para cada membro da fam\u00edlia, assim eles podem se identificar com sua x\u00edcara e sentir-se especiais. Em resumo, as x\u00edcaras coloridas s\u00e3o uma adi\u00e7\u00e3o divertida e criativa para qualquer cozinha. Elas oferecem uma forma de adicionar cor e estilo \u00e0 sua decora\u00e7\u00e3o e podem ser usadas de v\u00e1rias maneiras divertidas e criativas.<\/p>\n","protected":false},"excerpt":{"rendered":"<p>Adicione um toque de cor e estilo \u00e0 sua cozinha! Esse jogo de xicaras \u00e9 uma adi\u00e7\u00e3o divertida e elegante para qualquer cozinha. Ele \u00e9 perfeito para uso di\u00e1rio ou para ocasi\u00f5es especiais e tamb\u00e9m \u00e9 uma excelente op\u00e7\u00e3o de presente para amigos e familiares. Outra forma divertida de usar essas x\u00edcaras \u00e9 atribuir uma [&hellip;]<\/p>\n","protected":false},"featured_media":118,"comment_status":"open","ping_status":"closed","template":"","meta":[],"product_cat":[19],"product_tag":[],"class_list":{"0":"post-117","1":"product","2":"type-product","3":"status-publish","4":"has-post-thumbnail","6":"product_cat-sem-categoria","8":"first","9":"instock","10":"shipping-taxable","11":"purchasable","12":"product-type-simple"},"_links":{"self":[{"href":"https:\/\/viviani.raphaelcarvalho.com.br\/index.php\/wp-json\/wp\/v2\/product\/117","targetHints":{"allow":["GET"]}}],"collection":[{"href":"https:\/\/viviani.raphaelcarvalho.com.br\/index.php\/wp-json\/wp\/v2\/product"}],"about":[{"href":"https:\/\/viviani.raphaelcarvalho.com.br\/index.php\/wp-json\/wp\/v2\/types\/product"}],"replies":[{"embeddable":true,"href":"https:\/\/viviani.raphaelcarvalho.com.br\/index.php\/wp-json\/wp\/v2\/comments?post=117"}],"wp:featuredmedia":[{"embeddable":true,"href":"https:\/\/viviani.raphaelcarvalho.com.br\/index.php\/wp-json\/wp\/v2\/media\/118"}],"wp:attachment":[{"href":"https:\/\/viviani.raphaelcarvalho.com.br\/index.php\/wp-json\/wp\/v2\/media?parent=117"}],"wp:term":[{"taxonomy":"product_cat","embeddable":true,"href":"https:\/\/viviani.raphaelcarvalho.com.br\/index.php\/wp-json\/wp\/v2\/product_cat?post=117"},{"taxonomy":"product_tag","embeddable":true,"href":"https:\/\/viviani.raphaelcarvalho.com.br\/index.php\/wp-json\/wp\/v2\/product_tag?post=117"}],"curies":[{"name":"wp","href":"https:\/\/api.w.org\/{rel}","templated":true}]}}