{"id":119,"date":"2024-11-11T14:17:25","date_gmt":"2024-11-11T14:17:25","guid":{"rendered":"https:\/\/viviani.raphaelcarvalho.com.br\/?post_type=product&#038;p=119"},"modified":"2024-11-11T14:17:25","modified_gmt":"2024-11-11T14:17:25","slug":"panela-wok-top-quality-30cm-vermelha-com-cabo-antiatermico","status":"publish","type":"product","link":"https:\/\/viviani.raphaelcarvalho.com.br\/index.php\/produto\/panela-wok-top-quality-30cm-vermelha-com-cabo-antiatermico\/","title":{"rendered":"Panela Wok Top Quality 30cm Vermelha com Cabo Antiat\u00e9rmico"},"content":{"rendered":"<p>Informa\u00e7\u00f5es t\u00e9cnicas: MARCA: alegrete refer\u00eancia: 370430 material: alum\u00ednio cor: vermelho TAMANHO:- comprimento: 51,5 cm &#8211; largura: 30,5 cm &#8211; altura: 17 cm limpeza f\u00e1cil peso do produto: 0,67 kg GARANTIA: 90 dias entrega: imediata<\/p>\n","protected":false},"excerpt":{"rendered":"<p>Informa\u00e7\u00f5es t\u00e9cnicas: MARCA: alegrete refer\u00eancia: 370430 material: alum\u00ednio cor: vermelho TAMANHO:- comprimento: 51,5 cm &#8211; largura: 30,5 cm &#8211; altura: 17 cm limpeza f\u00e1cil peso do produto: 0,67 kg GARANTIA: 90 dias entrega: imediata<\/p>\n","protected":false},"featured_media":120,"comment_status":"open","ping_status":"closed","template":"","meta":[],"product_cat":[19],"product_tag":[],"class_list":{"0":"post-119","1":"product","2":"type-product","3":"status-publish","4":"has-post-thumbnail","6":"product_cat-sem-categoria","8":"first","9":"instock","10":"shipping-taxable","11":"purchasable","12":"product-type-simple"},"_links":{"self":[{"href":"https:\/\/viviani.raphaelcarvalho.com.br\/index.php\/wp-json\/wp\/v2\/product\/119","targetHints":{"allow":["GET"]}}],"collection":[{"href":"https:\/\/viviani.raphaelcarvalho.com.br\/index.php\/wp-json\/wp\/v2\/product"}],"about":[{"href":"https:\/\/viviani.raphaelcarvalho.com.br\/index.php\/wp-json\/wp\/v2\/types\/product"}],"replies":[{"embeddable":true,"href":"https:\/\/viviani.raphaelcarvalho.com.br\/index.php\/wp-json\/wp\/v2\/comments?post=119"}],"wp:featuredmedia":[{"embeddable":true,"href":"https:\/\/viviani.raphaelcarvalho.com.br\/index.php\/wp-json\/wp\/v2\/media\/120"}],"wp:attachment":[{"href":"https:\/\/viviani.raphaelcarvalho.com.br\/index.php\/wp-json\/wp\/v2\/media?parent=119"}],"wp:term":[{"taxonomy":"product_cat","embeddable":true,"href":"https:\/\/viviani.raphaelcarvalho.com.br\/index.php\/wp-json\/wp\/v2\/product_cat?post=119"},{"taxonomy":"product_tag","embeddable":true,"href":"https:\/\/viviani.raphaelcarvalho.com.br\/index.php\/wp-json\/wp\/v2\/product_tag?post=119"}],"curies":[{"name":"wp","href":"https:\/\/api.w.org\/{rel}","templated":true}]}}