{"id":121,"date":"2024-11-11T14:18:56","date_gmt":"2024-11-11T14:18:56","guid":{"rendered":"https:\/\/viviani.raphaelcarvalho.com.br\/?post_type=product&#038;p=121"},"modified":"2024-11-11T14:18:56","modified_gmt":"2024-11-11T14:18:56","slug":"frigideira-philco-revestimento-redstone-17l","status":"publish","type":"product","link":"https:\/\/viviani.raphaelcarvalho.com.br\/index.php\/produto\/frigideira-philco-revestimento-redstone-17l\/","title":{"rendered":"Frigideira Philco Revestimento Redstone 1,7L"},"content":{"rendered":"<p>Frigideira Philco Revestimento Redstone 1,7L Caracter\u00edsticas: Material: Metal e Pl\u00e1stico Cabo de baquelite emborrachado resistente ao calor Material base da Panela em Alum\u00ednio Revestimento antiaderente: Redstone Revestimento antiaderente livre de agentes t\u00f3xicos Di\u00e2metro de 24 cm Volume de 1,7 litros Pode ser utilizado em queimadores el\u00e9tricos, a g\u00e1s, radiante, indu\u00e7\u00e3o e vitrocer\u00e2micos Inserto met\u00e1lico no fundo da panela para contato em fog\u00e3o\/Cooktops de indu\u00e7\u00e3o Panela com fundo de 4,5 mm para distribuir e manter a temperatura Itens Inclusos: Frigideira Philco Revestimento Redstone 1,7L<\/p>\n","protected":false},"excerpt":{"rendered":"<p>Frigideira Philco Revestimento Redstone 1,7L Caracter\u00edsticas: Material: Metal e Pl\u00e1stico Cabo de baquelite emborrachado resistente ao calor Material base da Panela em Alum\u00ednio Revestimento antiaderente: Redstone Revestimento antiaderente livre de agentes t\u00f3xicos Di\u00e2metro de 24 cm Volume de 1,7 litros Pode ser utilizado em queimadores el\u00e9tricos, a g\u00e1s, radiante, indu\u00e7\u00e3o e vitrocer\u00e2micos Inserto met\u00e1lico no [&hellip;]<\/p>\n","protected":false},"featured_media":122,"comment_status":"open","ping_status":"closed","template":"","meta":[],"product_cat":[19],"product_tag":[],"class_list":{"0":"post-121","1":"product","2":"type-product","3":"status-publish","4":"has-post-thumbnail","6":"product_cat-sem-categoria","8":"first","9":"instock","10":"shipping-taxable","11":"purchasable","12":"product-type-simple"},"_links":{"self":[{"href":"https:\/\/viviani.raphaelcarvalho.com.br\/index.php\/wp-json\/wp\/v2\/product\/121","targetHints":{"allow":["GET"]}}],"collection":[{"href":"https:\/\/viviani.raphaelcarvalho.com.br\/index.php\/wp-json\/wp\/v2\/product"}],"about":[{"href":"https:\/\/viviani.raphaelcarvalho.com.br\/index.php\/wp-json\/wp\/v2\/types\/product"}],"replies":[{"embeddable":true,"href":"https:\/\/viviani.raphaelcarvalho.com.br\/index.php\/wp-json\/wp\/v2\/comments?post=121"}],"wp:featuredmedia":[{"embeddable":true,"href":"https:\/\/viviani.raphaelcarvalho.com.br\/index.php\/wp-json\/wp\/v2\/media\/122"}],"wp:attachment":[{"href":"https:\/\/viviani.raphaelcarvalho.com.br\/index.php\/wp-json\/wp\/v2\/media?parent=121"}],"wp:term":[{"taxonomy":"product_cat","embeddable":true,"href":"https:\/\/viviani.raphaelcarvalho.com.br\/index.php\/wp-json\/wp\/v2\/product_cat?post=121"},{"taxonomy":"product_tag","embeddable":true,"href":"https:\/\/viviani.raphaelcarvalho.com.br\/index.php\/wp-json\/wp\/v2\/product_tag?post=121"}],"curies":[{"name":"wp","href":"https:\/\/api.w.org\/{rel}","templated":true}]}}