{"id":123,"date":"2024-11-11T14:19:52","date_gmt":"2024-11-11T14:19:52","guid":{"rendered":"https:\/\/viviani.raphaelcarvalho.com.br\/?post_type=product&#038;p=123"},"modified":"2024-11-11T14:19:52","modified_gmt":"2024-11-11T14:19:52","slug":"panelas-antiaderente-tramontina-pequena-avulsa-18cm-19-litros-sicilia-vermelha","status":"publish","type":"product","link":"https:\/\/viviani.raphaelcarvalho.com.br\/index.php\/produto\/panelas-antiaderente-tramontina-pequena-avulsa-18cm-19-litros-sicilia-vermelha\/","title":{"rendered":"Panelas Antiaderente Tramontina Pequena Avulsa 18cm 1,9 Litros Sic\u00edlia Vermelha"},"content":{"rendered":"<p>O melhor da Tramontina voc\u00ea encontra na panela Tramontina Sic\u00edlia em alum\u00ednio com revestimento interno e externo em antiaderente Starflon Excellent vermelho 18 cent\u00edmetros de di\u00e2metro 1,9 litros. Ideal para preparar suas refei\u00e7\u00f5es do dia a dia, ela \u00e9 produzida em alum\u00ednio e conta com revestimento antiaderente Starflon Excellent, caracter\u00edsticas que garantem o cozimento r\u00e1pido e uniforme dos alimentos e n\u00e3o deixa os alimentos grudarem em sua superf\u00edcie. Seu cabo \u00e9 em baquelite antit\u00e9rmico, material que n\u00e3o aquece e proporciona um manuseio muito mais seguro e confort\u00e1vel. Ela ainda \u00e9 muito f\u00e1cil de limpar e pode ser levada a m\u00e1quina de lavar lou\u00e7as, facilitando sua rotina na cozinha! iforma\u00e7\u00f5es gerais Corpo de alum\u00ednio com espessura de 3,0 mm que proporciona cozimento r\u00e1pido e uniforme. Revestimento interno e externo de antiaderente Starflon Excellent que n\u00e3o gruda, \u00e9 f\u00e1cil de limpar, mais dur\u00e1vel, n\u00e3o \u00e9 prejudicial a sa\u00fade e \u00e9 livre de pfoa. Tampa de vidro temperado, com sa\u00edda de vapor e borda de a\u00e7o inox. Cabo e pegador de baquelite antit\u00e9rmico que oferecem seguran\u00e7a durante o manuseio. Pode ir \u00e0 m\u00e1quina de lavar lou\u00e7as facilitando seu dia a dia. recomenda\u00e7\u00f5es de uso A capacidade volum\u00e9trica m\u00e1xima para cozimento \u00e9 de 3\/4 da capacidade total da pe\u00e7a. Posicione o cabo do utens\u00edlio voltado ao centro do fog\u00e3o. Em fog\u00f5es com grade, centralize a pe\u00e7a e alinhe o cabo com a grade. Utens\u00edlios quentes devem estar fora do alcance das crian\u00e7as. Este produto n\u00e3o pode sofrer modifica\u00e7\u00f5es. Antes do primeiro uso, lave com esponja macia, sab\u00e3o neutro ou detergente l\u00edquido. Depois de secar, unte a \u00e1rea interna com \u00f3leo ou gordura e leve ao fogo por um ou dois minutos. Deixe esfriar e lave novamente. Seu utens\u00edlio Starflon est\u00e1 pronto para uso com ou sem gordura, sempre em fogo baixo ou m\u00e9dio (nunca superior a 260\u00baC). Para mexer os alimentos use somente utens\u00edlios de silicone, nylon ou madeira. Limpeza: Evite a imers\u00e3o do utens\u00edlio quente em \u00e1gua fria. Nunca utilize produtos abrasivos na lavagem. Se deixar queimar alimentos, umede\u00e7a a \u00e1rea e reserve at\u00e9 que possa remover os res\u00edduos grudados com esponja e sab\u00e3o. Para descarte do produto e embalagem siga as orienta\u00e7\u00f5es de reciclagem vigentes. Este produto n\u00e3o necessita de manuten\u00e7\u00e3o, apenas limpeza.<\/p>\n","protected":false},"excerpt":{"rendered":"<p>O melhor da Tramontina voc\u00ea encontra na panela Tramontina Sic\u00edlia em alum\u00ednio com revestimento interno e externo em antiaderente Starflon Excellent vermelho 18 cent\u00edmetros de di\u00e2metro 1,9 litros. Ideal para preparar suas refei\u00e7\u00f5es do dia a dia, ela \u00e9 produzida em alum\u00ednio e conta com revestimento antiaderente Starflon Excellent, caracter\u00edsticas que garantem o cozimento r\u00e1pido [&hellip;]<\/p>\n","protected":false},"featured_media":124,"comment_status":"open","ping_status":"closed","template":"","meta":[],"product_cat":[19],"product_tag":[],"class_list":{"0":"post-123","1":"product","2":"type-product","3":"status-publish","4":"has-post-thumbnail","6":"product_cat-sem-categoria","8":"first","9":"instock","10":"shipping-taxable","11":"purchasable","12":"product-type-simple"},"_links":{"self":[{"href":"https:\/\/viviani.raphaelcarvalho.com.br\/index.php\/wp-json\/wp\/v2\/product\/123","targetHints":{"allow":["GET"]}}],"collection":[{"href":"https:\/\/viviani.raphaelcarvalho.com.br\/index.php\/wp-json\/wp\/v2\/product"}],"about":[{"href":"https:\/\/viviani.raphaelcarvalho.com.br\/index.php\/wp-json\/wp\/v2\/types\/product"}],"replies":[{"embeddable":true,"href":"https:\/\/viviani.raphaelcarvalho.com.br\/index.php\/wp-json\/wp\/v2\/comments?post=123"}],"wp:featuredmedia":[{"embeddable":true,"href":"https:\/\/viviani.raphaelcarvalho.com.br\/index.php\/wp-json\/wp\/v2\/media\/124"}],"wp:attachment":[{"href":"https:\/\/viviani.raphaelcarvalho.com.br\/index.php\/wp-json\/wp\/v2\/media?parent=123"}],"wp:term":[{"taxonomy":"product_cat","embeddable":true,"href":"https:\/\/viviani.raphaelcarvalho.com.br\/index.php\/wp-json\/wp\/v2\/product_cat?post=123"},{"taxonomy":"product_tag","embeddable":true,"href":"https:\/\/viviani.raphaelcarvalho.com.br\/index.php\/wp-json\/wp\/v2\/product_tag?post=123"}],"curies":[{"name":"wp","href":"https:\/\/api.w.org\/{rel}","templated":true}]}}