{"id":129,"date":"2024-11-11T14:25:18","date_gmt":"2024-11-11T14:25:18","guid":{"rendered":"https:\/\/viviani.raphaelcarvalho.com.br\/?post_type=product&#038;p=129"},"modified":"2024-11-11T14:25:18","modified_gmt":"2024-11-11T14:25:18","slug":"panela-de-pressao-aluminio-nacional-7l-fechamento-externo","status":"publish","type":"product","link":"https:\/\/viviani.raphaelcarvalho.com.br\/index.php\/produto\/panela-de-pressao-aluminio-nacional-7l-fechamento-externo\/","title":{"rendered":"Panela De Press\u00e3o Aluminio Nacional 7l Fechamento Externo"},"content":{"rendered":"<p>Informa\u00e7\u00f5es do produto No momento de realizar os seus preparativos favoritos, \u00e9 essencial que voc\u00ea tenha uma panela que possa ser sua aliada na cozinha. Com a tachos Alum\u00ednio voc\u00ea pode ter certeza de que os sabores e aromas ser\u00e3o perfeitamente preservados para desfrutar de refei\u00e7\u00f5es mais gostosas. Solte o chef interior que existe dentro de voc\u00ea! Materiais de qualidade O principal benef\u00edcio do alum\u00ednio \u00e9 que, por ser um excelente condutor de calor, os alimentos cozinham muito mais r\u00e1pido que em compara\u00e7\u00e3o com outros metais. Por sua vez, os produtos de alum\u00ednio s\u00e3o bastante leves, o que os faz confort\u00e1veis para serem levados de um lugar a outro na cozinha. Panela de Press\u00e3o 7 Litros fechamento externo Polida Garantia do vendedor: 1 meses<\/p>\n","protected":false},"excerpt":{"rendered":"<p>Informa\u00e7\u00f5es do produto No momento de realizar os seus preparativos favoritos, \u00e9 essencial que voc\u00ea tenha uma panela que possa ser sua aliada na cozinha. Com a tachos Alum\u00ednio voc\u00ea pode ter certeza de que os sabores e aromas ser\u00e3o perfeitamente preservados para desfrutar de refei\u00e7\u00f5es mais gostosas. Solte o chef interior que existe dentro [&hellip;]<\/p>\n","protected":false},"featured_media":130,"comment_status":"open","ping_status":"closed","template":"","meta":[],"product_cat":[19],"product_tag":[],"class_list":{"0":"post-129","1":"product","2":"type-product","3":"status-publish","4":"has-post-thumbnail","6":"product_cat-sem-categoria","8":"first","9":"instock","10":"shipping-taxable","11":"purchasable","12":"product-type-simple"},"_links":{"self":[{"href":"https:\/\/viviani.raphaelcarvalho.com.br\/index.php\/wp-json\/wp\/v2\/product\/129","targetHints":{"allow":["GET"]}}],"collection":[{"href":"https:\/\/viviani.raphaelcarvalho.com.br\/index.php\/wp-json\/wp\/v2\/product"}],"about":[{"href":"https:\/\/viviani.raphaelcarvalho.com.br\/index.php\/wp-json\/wp\/v2\/types\/product"}],"replies":[{"embeddable":true,"href":"https:\/\/viviani.raphaelcarvalho.com.br\/index.php\/wp-json\/wp\/v2\/comments?post=129"}],"wp:featuredmedia":[{"embeddable":true,"href":"https:\/\/viviani.raphaelcarvalho.com.br\/index.php\/wp-json\/wp\/v2\/media\/130"}],"wp:attachment":[{"href":"https:\/\/viviani.raphaelcarvalho.com.br\/index.php\/wp-json\/wp\/v2\/media?parent=129"}],"wp:term":[{"taxonomy":"product_cat","embeddable":true,"href":"https:\/\/viviani.raphaelcarvalho.com.br\/index.php\/wp-json\/wp\/v2\/product_cat?post=129"},{"taxonomy":"product_tag","embeddable":true,"href":"https:\/\/viviani.raphaelcarvalho.com.br\/index.php\/wp-json\/wp\/v2\/product_tag?post=129"}],"curies":[{"name":"wp","href":"https:\/\/api.w.org\/{rel}","templated":true}]}}