{"id":131,"date":"2024-11-11T14:25:44","date_gmt":"2024-11-11T14:25:44","guid":{"rendered":"https:\/\/viviani.raphaelcarvalho.com.br\/?post_type=product&#038;p=131"},"modified":"2024-11-11T14:27:04","modified_gmt":"2024-11-11T14:27:04","slug":"pipoqueira-cereja-antiaderente-cabo-antitermico-tvt-versatil-numero-22-capacidade-de-36l-mta-8994","status":"publish","type":"product","link":"https:\/\/viviani.raphaelcarvalho.com.br\/index.php\/produto\/pipoqueira-cereja-antiaderente-cabo-antitermico-tvt-versatil-numero-22-capacidade-de-36l-mta-8994\/","title":{"rendered":"Pipoqueira Cereja Antiaderente Cabo Antitermico tvt Vers\u00e1til N\u00famero 22 Capacidade de 3,6L mta &#8211; 8994"},"content":{"rendered":"<p>Informa\u00e7\u00f5es do produto A Pipoqueira mta Vers\u00e1til em Alum\u00ednio com Revestimento Antiaderente Superflon \u00e9 perfeita para preparar aquela deliciosa pipoca. Produzida em alum\u00ednio com revestimento interno e externo em antiaderente Superflon, ela aquece de maneira r\u00e1pida e uniforme e evita que os alimentos grudem em sua superf\u00edcie, o que facilita sua limpeza. Possui cabo em baquelite antit\u00e9rmico e man\u00edpulo em alum\u00ednio que reduzem a propaga\u00e7\u00e3o de calor e garantem seguran\u00e7a durante o manuseio. Al\u00e9m disso, a Pipoqueira pode ser utilizada em fog\u00f5es a g\u00e1s, el\u00e9tricos e vitrocer\u00e2micos (resist\u00eancia el\u00e9trica). A original, \u00fanica com visor de vidro que lhe permite acompanhar o preparo da pipoca. Chama os amigos!<\/p>\n","protected":false},"excerpt":{"rendered":"<p>Informa\u00e7\u00f5es do produto A Pipoqueira mta Vers\u00e1til em Alum\u00ednio com Revestimento Antiaderente Superflon \u00e9 perfeita para preparar aquela deliciosa pipoca. Produzida em alum\u00ednio com revestimento interno e externo em antiaderente Superflon, ela aquece de maneira r\u00e1pida e uniforme e evita que os alimentos grudem em sua superf\u00edcie, o que facilita sua limpeza. Possui cabo em [&hellip;]<\/p>\n","protected":false},"featured_media":134,"comment_status":"open","ping_status":"closed","template":"","meta":[],"product_cat":[19],"product_tag":[],"class_list":{"0":"post-131","1":"product","2":"type-product","3":"status-publish","4":"has-post-thumbnail","6":"product_cat-sem-categoria","8":"first","9":"instock","10":"shipping-taxable","11":"purchasable","12":"product-type-simple"},"_links":{"self":[{"href":"https:\/\/viviani.raphaelcarvalho.com.br\/index.php\/wp-json\/wp\/v2\/product\/131","targetHints":{"allow":["GET"]}}],"collection":[{"href":"https:\/\/viviani.raphaelcarvalho.com.br\/index.php\/wp-json\/wp\/v2\/product"}],"about":[{"href":"https:\/\/viviani.raphaelcarvalho.com.br\/index.php\/wp-json\/wp\/v2\/types\/product"}],"replies":[{"embeddable":true,"href":"https:\/\/viviani.raphaelcarvalho.com.br\/index.php\/wp-json\/wp\/v2\/comments?post=131"}],"wp:featuredmedia":[{"embeddable":true,"href":"https:\/\/viviani.raphaelcarvalho.com.br\/index.php\/wp-json\/wp\/v2\/media\/134"}],"wp:attachment":[{"href":"https:\/\/viviani.raphaelcarvalho.com.br\/index.php\/wp-json\/wp\/v2\/media?parent=131"}],"wp:term":[{"taxonomy":"product_cat","embeddable":true,"href":"https:\/\/viviani.raphaelcarvalho.com.br\/index.php\/wp-json\/wp\/v2\/product_cat?post=131"},{"taxonomy":"product_tag","embeddable":true,"href":"https:\/\/viviani.raphaelcarvalho.com.br\/index.php\/wp-json\/wp\/v2\/product_tag?post=131"}],"curies":[{"name":"wp","href":"https:\/\/api.w.org\/{rel}","templated":true}]}}