{"id":132,"date":"2024-11-11T14:26:38","date_gmt":"2024-11-11T14:26:38","guid":{"rendered":"https:\/\/viviani.raphaelcarvalho.com.br\/?post_type=product&#038;p=132"},"modified":"2024-11-11T14:26:38","modified_gmt":"2024-11-11T14:26:38","slug":"cacarola-neo-t-17l-ferro-fundido-18cm-com-tampa-santana","status":"publish","type":"product","link":"https:\/\/viviani.raphaelcarvalho.com.br\/index.php\/produto\/cacarola-neo-t-17l-ferro-fundido-18cm-com-tampa-santana\/","title":{"rendered":"Ca\u00e7arola Neo T 1,7L Ferro Fundido 18cm com tampa &#8211; Santana"},"content":{"rendered":"<p>Quem gosta de cozinhar sabe o quanto uma ca\u00e7arola de ferro \u00e9 indispens\u00e1vel na cozinha n\u00e9? Pois ent\u00e3o, voc\u00ea n\u00e3o pode deixar de investir em uma! Quer uma dica para escolher? A Ca\u00e7arola Neo, fabricada pela Santana \u00e9 uma \u00f3tima op\u00e7\u00e3o, j\u00e1 que conta com uma tampa de ferro fundido de cor preta, constitu\u00edda por 2 al\u00e7as feitas de material dur\u00e1vel e resistente, toda feita em ferro, apta para ir ao forno, sendo tamb\u00e9m usada de maneira vers\u00e1til, como assadeira! Essa ca\u00e7arola \u00e9 indicada para a prepara\u00e7\u00e3o de diversas receitas, desde as mais comuns quanto as mais elaboradas como: arroz, legumes, feij\u00e3o, carnes, massas, assados, caldos, doces, dentre outros. Devido \u00e0 sua estrutura com fundo frisado, absorve potencialmente o calor do fogo, com o contato com a fonte, o que colabora para um cozimento uniforme dos alimentos, al\u00e9m de sua tampa gotejante conservar com efici\u00eancia, em forma de vapor, as vitaminas de seu alimento. Para sua melhor conserva\u00e7\u00e3o e tamb\u00e9m para facilitar sua higieniza\u00e7\u00e3o e manuseio, a Ca\u00e7arola Neo de ferro da Santana \u00e9 composta por bordas arredondadas. Este produto possui garantia de excelente qualidade e acabamento, podendo ser usado com seguran\u00e7a e estabilidade, em todos os tipos de fog\u00e3o, seja a g\u00e1s, a lenha, el\u00e9trico ou cooktop de indu\u00e7\u00e3o. A Santana oferece in\u00fameras vantagens com seus produtos de ferro, destacando-se pela durabilidade e custo benef\u00edcio do que oferece aos clientes, al\u00e9m de contribuir para uma alimenta\u00e7\u00e3o mais saud\u00e1vel, devido ao motivo de transfer\u00eancia de porcentagens salubres de ferro para seus alimentos, que contribui para a preven\u00e7\u00e3o de doen\u00e7as relacionadas \u00e0 falta de ferro no organismo como a anemia. Nossa ca\u00e7arola de ferro conta com acabamento revestido em \u00f3leo 100% vegetal, por meio de um processo natural, ou seja, livre de produtos qu\u00edmicos prejudiciais \u00e0 sa\u00fade, o que contribui para o seu bem-estar e tamb\u00e9m com a sustentabilidade. Tenha sempre em mente que, assim como a escolha dos ingredientes, a qualidade dos seus utens\u00edlios onde suas receitas ser\u00e3o preparadas tamb\u00e9m interferem nos resultados dos seus alimentos, ent\u00e3o invista no melhor, e aqui na Santana voc\u00ea tem garantia de qualidade, resist\u00eancia e melhor pre\u00e7o, aproveite! C\u00f3d.: 4625 Tamanho: (Di\u00e2metro x Comprimento x Altura) 18 x 24,6 x 13,5cm Peso: 2,88kg Litragem: 1,7L<\/p>\n","protected":false},"excerpt":{"rendered":"<p>Quem gosta de cozinhar sabe o quanto uma ca\u00e7arola de ferro \u00e9 indispens\u00e1vel na cozinha n\u00e9? Pois ent\u00e3o, voc\u00ea n\u00e3o pode deixar de investir em uma! Quer uma dica para escolher? A Ca\u00e7arola Neo, fabricada pela Santana \u00e9 uma \u00f3tima op\u00e7\u00e3o, j\u00e1 que conta com uma tampa de ferro fundido de cor preta, constitu\u00edda por [&hellip;]<\/p>\n","protected":false},"featured_media":133,"comment_status":"open","ping_status":"closed","template":"","meta":[],"product_cat":[19],"product_tag":[],"class_list":{"0":"post-132","1":"product","2":"type-product","3":"status-publish","4":"has-post-thumbnail","6":"product_cat-sem-categoria","8":"first","9":"instock","10":"shipping-taxable","11":"purchasable","12":"product-type-simple"},"_links":{"self":[{"href":"https:\/\/viviani.raphaelcarvalho.com.br\/index.php\/wp-json\/wp\/v2\/product\/132","targetHints":{"allow":["GET"]}}],"collection":[{"href":"https:\/\/viviani.raphaelcarvalho.com.br\/index.php\/wp-json\/wp\/v2\/product"}],"about":[{"href":"https:\/\/viviani.raphaelcarvalho.com.br\/index.php\/wp-json\/wp\/v2\/types\/product"}],"replies":[{"embeddable":true,"href":"https:\/\/viviani.raphaelcarvalho.com.br\/index.php\/wp-json\/wp\/v2\/comments?post=132"}],"wp:featuredmedia":[{"embeddable":true,"href":"https:\/\/viviani.raphaelcarvalho.com.br\/index.php\/wp-json\/wp\/v2\/media\/133"}],"wp:attachment":[{"href":"https:\/\/viviani.raphaelcarvalho.com.br\/index.php\/wp-json\/wp\/v2\/media?parent=132"}],"wp:term":[{"taxonomy":"product_cat","embeddable":true,"href":"https:\/\/viviani.raphaelcarvalho.com.br\/index.php\/wp-json\/wp\/v2\/product_cat?post=132"},{"taxonomy":"product_tag","embeddable":true,"href":"https:\/\/viviani.raphaelcarvalho.com.br\/index.php\/wp-json\/wp\/v2\/product_tag?post=132"}],"curies":[{"name":"wp","href":"https:\/\/api.w.org\/{rel}","templated":true}]}}