{"id":135,"date":"2024-11-11T14:28:06","date_gmt":"2024-11-11T14:28:06","guid":{"rendered":"https:\/\/viviani.raphaelcarvalho.com.br\/?post_type=product&#038;p=135"},"modified":"2024-11-11T14:28:07","modified_gmt":"2024-11-11T14:28:07","slug":"cacarola-panela-grande-aluminio-batido-fundido-grosso-no28","status":"publish","type":"product","link":"https:\/\/viviani.raphaelcarvalho.com.br\/index.php\/produto\/cacarola-panela-grande-aluminio-batido-fundido-grosso-no28\/","title":{"rendered":"Ca\u00e7arola Panela Grande Alum\u00ednio Batido Fundido Grosso N\u00ba28"},"content":{"rendered":"<p>Panela Alum\u00ednio Batido Fundido Grossa N\u00ba28 Para complementar a sua cozinha, com utens\u00edlio de alta qualidade, existe no mercado um modelo inferior que \u00e9 apenas lixado e n\u00e3o \u00e9 polido, cuidado com as imita\u00e7\u00f5es compre o verdadeiro alum\u00ednio batido fundido grosso. Qualidade e mais charme para a sua cozinha com esse maravilhosa Panela; Panela para lhe auxiliar no preparo das mais diversas receitas; Faz com que os alimentos n\u00e3o grudem na superf\u00edcie, o que facilita a limpeza; O cozimento \u00e9 r\u00e1pido e uniforme, e por ser grossa mantem o alimentos aquecidos por muito mais tempo ap\u00f3s o preparo; Especifica\u00e7\u00e3o T\u00e9cnica: Panela Ca\u00e7arola 28 cm de di\u00e2metro, 10 cm altura &#8211; 4,5 Litros Material: Alum\u00ednio Fundido BatidoEspessura da Panela: 4 mmAcompanha Tampa: SimMaterial dos Cabos: Madeira. Material das Tampas: Alum\u00ednio LeveMaterial do Pegador da tampa: Baquelite um material especial que resiste a altas temperaturas sem esquentarIndicado para fog\u00e3o: G\u00e1s, Lenha Itens Inclusos:01 Panela Ca\u00e7arola N 2801 Tampa Leve com Baquelite<\/p>\n","protected":false},"excerpt":{"rendered":"<p>Panela Alum\u00ednio Batido Fundido Grossa N\u00ba28 Para complementar a sua cozinha, com utens\u00edlio de alta qualidade, existe no mercado um modelo inferior que \u00e9 apenas lixado e n\u00e3o \u00e9 polido, cuidado com as imita\u00e7\u00f5es compre o verdadeiro alum\u00ednio batido fundido grosso. Qualidade e mais charme para a sua cozinha com esse maravilhosa Panela; Panela para [&hellip;]<\/p>\n","protected":false},"featured_media":136,"comment_status":"open","ping_status":"closed","template":"","meta":[],"product_cat":[19],"product_tag":[],"class_list":{"0":"post-135","1":"product","2":"type-product","3":"status-publish","4":"has-post-thumbnail","6":"product_cat-sem-categoria","8":"first","9":"instock","10":"shipping-taxable","11":"purchasable","12":"product-type-simple"},"_links":{"self":[{"href":"https:\/\/viviani.raphaelcarvalho.com.br\/index.php\/wp-json\/wp\/v2\/product\/135","targetHints":{"allow":["GET"]}}],"collection":[{"href":"https:\/\/viviani.raphaelcarvalho.com.br\/index.php\/wp-json\/wp\/v2\/product"}],"about":[{"href":"https:\/\/viviani.raphaelcarvalho.com.br\/index.php\/wp-json\/wp\/v2\/types\/product"}],"replies":[{"embeddable":true,"href":"https:\/\/viviani.raphaelcarvalho.com.br\/index.php\/wp-json\/wp\/v2\/comments?post=135"}],"wp:featuredmedia":[{"embeddable":true,"href":"https:\/\/viviani.raphaelcarvalho.com.br\/index.php\/wp-json\/wp\/v2\/media\/136"}],"wp:attachment":[{"href":"https:\/\/viviani.raphaelcarvalho.com.br\/index.php\/wp-json\/wp\/v2\/media?parent=135"}],"wp:term":[{"taxonomy":"product_cat","embeddable":true,"href":"https:\/\/viviani.raphaelcarvalho.com.br\/index.php\/wp-json\/wp\/v2\/product_cat?post=135"},{"taxonomy":"product_tag","embeddable":true,"href":"https:\/\/viviani.raphaelcarvalho.com.br\/index.php\/wp-json\/wp\/v2\/product_tag?post=135"}],"curies":[{"name":"wp","href":"https:\/\/api.w.org\/{rel}","templated":true}]}}