{"id":141,"date":"2024-11-11T14:32:53","date_gmt":"2024-11-11T14:32:53","guid":{"rendered":"https:\/\/viviani.raphaelcarvalho.com.br\/?post_type=product&#038;p=141"},"modified":"2024-11-11T14:32:53","modified_gmt":"2024-11-11T14:32:53","slug":"jogo-de-lencol-cama-solteiro-2-pecas-200-fios-ponto-palito-bege","status":"publish","type":"product","link":"https:\/\/viviani.raphaelcarvalho.com.br\/index.php\/produto\/jogo-de-lencol-cama-solteiro-2-pecas-200-fios-ponto-palito-bege\/","title":{"rendered":"Jogo de len\u00e7ol Cama Solteiro 2 pe\u00e7as 200 fios Ponto Palito Bege"},"content":{"rendered":"<p>Complete o enxoval da sua cama tamanho solteiro com um jogo de len\u00e7ol Sleep na cor bege. O conjunto \u00e9 composto por um len\u00e7ol liso bege com el\u00e1stico em toda volta e uma fronha lisa bege com detalhe de ponto palito branco na lateral e fechamento modelo envelope protegendo para que seu travesseiro n\u00e3o saia de dentro da fronha. A cor lisa e cl\u00e1ssica \u00e9 \u00f3tima para combinar com diversos outros itens de cama e fazer uma cama posta digna de revistas. Todas as pe\u00e7as do jogo s\u00e3o fabricadas com tecido percal 200 fios de poli\u00e9ster que ao contr\u00e1rio de uma microfibra comum \u00e9 super resistente, macio e com tratamento anti-pilling de f\u00e1brica garantindo que o tecido n\u00e3o forme bolinhas com o uso e lavagens. *Tom de cor do produto pode ter varia\u00e7\u00e3o de at\u00e9 10% de acordo com a tela do seu monitor, celular ou tablet. Conte\u00fado da embalagem: 01 Len\u00e7ol de baixo com el\u00e1stico em toda a volta 1,90m comp. x 90cm larg. x 28cm alt. 01 Fronha 70cm x 50cm Composi\u00e7\u00e3o: Tecido Percal 200 Fios 100% Poli\u00e9ster Detalhe ponto palito 100% Algod\u00e3o<\/p>\n","protected":false},"excerpt":{"rendered":"<p>Complete o enxoval da sua cama tamanho solteiro com um jogo de len\u00e7ol Sleep na cor bege. O conjunto \u00e9 composto por um len\u00e7ol liso bege com el\u00e1stico em toda volta e uma fronha lisa bege com detalhe de ponto palito branco na lateral e fechamento modelo envelope protegendo para que seu travesseiro n\u00e3o saia [&hellip;]<\/p>\n","protected":false},"featured_media":142,"comment_status":"open","ping_status":"closed","template":"","meta":[],"product_cat":[19],"product_tag":[],"class_list":{"0":"post-141","1":"product","2":"type-product","3":"status-publish","4":"has-post-thumbnail","6":"product_cat-sem-categoria","8":"first","9":"instock","10":"shipping-taxable","11":"purchasable","12":"product-type-simple"},"_links":{"self":[{"href":"https:\/\/viviani.raphaelcarvalho.com.br\/index.php\/wp-json\/wp\/v2\/product\/141","targetHints":{"allow":["GET"]}}],"collection":[{"href":"https:\/\/viviani.raphaelcarvalho.com.br\/index.php\/wp-json\/wp\/v2\/product"}],"about":[{"href":"https:\/\/viviani.raphaelcarvalho.com.br\/index.php\/wp-json\/wp\/v2\/types\/product"}],"replies":[{"embeddable":true,"href":"https:\/\/viviani.raphaelcarvalho.com.br\/index.php\/wp-json\/wp\/v2\/comments?post=141"}],"wp:featuredmedia":[{"embeddable":true,"href":"https:\/\/viviani.raphaelcarvalho.com.br\/index.php\/wp-json\/wp\/v2\/media\/142"}],"wp:attachment":[{"href":"https:\/\/viviani.raphaelcarvalho.com.br\/index.php\/wp-json\/wp\/v2\/media?parent=141"}],"wp:term":[{"taxonomy":"product_cat","embeddable":true,"href":"https:\/\/viviani.raphaelcarvalho.com.br\/index.php\/wp-json\/wp\/v2\/product_cat?post=141"},{"taxonomy":"product_tag","embeddable":true,"href":"https:\/\/viviani.raphaelcarvalho.com.br\/index.php\/wp-json\/wp\/v2\/product_tag?post=141"}],"curies":[{"name":"wp","href":"https:\/\/api.w.org\/{rel}","templated":true}]}}