{"id":145,"date":"2024-11-11T14:34:01","date_gmt":"2024-11-11T14:34:01","guid":{"rendered":"https:\/\/viviani.raphaelcarvalho.com.br\/?post_type=product&#038;p=145"},"modified":"2024-11-11T14:34:01","modified_gmt":"2024-11-11T14:34:01","slug":"jogo-de-cama-casal-4-pecas-lencol-com-elastico-100-algodao-percal-180-fios-138x188x35cm-dohler","status":"publish","type":"product","link":"https:\/\/viviani.raphaelcarvalho.com.br\/index.php\/produto\/jogo-de-cama-casal-4-pecas-lencol-com-elastico-100-algodao-percal-180-fios-138x188x35cm-dohler\/","title":{"rendered":"Jogo de Cama Casal 4 pe\u00e7as Len\u00e7ol com El\u00e1stico 100% Algod\u00e3o Percal 180 Fios 138x188x35cm &#8211; Dohler"},"content":{"rendered":"<p>Transforme a sua cama em um verdadeiro ref\u00fagio de conforto e bem-estar com esse Jogo de Cama. Confeccionado com tecido 100% algod\u00e3o, com percal de 180 fios, oferece um toque agrad\u00e1vel e macio, al\u00e9m de ser resistente e com maior frescor. O jogo de cama apresenta um design elegante e sofisticado, perfeito para deixar o ambiente mais aconchegante. Desfrute de momentos de puro conforto e bem-estar! Este kit cont\u00e9m: 1 Len\u00e7ol de cima (200x250cm) 1 Len\u00e7ol com El\u00e1stico (138x188x35cm) 2 Fronhas de Travesseiros (50x70cm) Caracter\u00edsticas: &#8211; Percal 180 fios &#8211; Tecido: 100% Algod\u00e3o &#8211; Tecnologia sustent\u00e1vel &#8211; Fios penteados &#8211; Maior frescor &#8211; Tamanho: Casal Marca: Dohler<\/p>\n","protected":false},"excerpt":{"rendered":"<p>Transforme a sua cama em um verdadeiro ref\u00fagio de conforto e bem-estar com esse Jogo de Cama. Confeccionado com tecido 100% algod\u00e3o, com percal de 180 fios, oferece um toque agrad\u00e1vel e macio, al\u00e9m de ser resistente e com maior frescor. O jogo de cama apresenta um design elegante e sofisticado, perfeito para deixar o [&hellip;]<\/p>\n","protected":false},"featured_media":146,"comment_status":"open","ping_status":"closed","template":"","meta":[],"product_cat":[19],"product_tag":[],"class_list":{"0":"post-145","1":"product","2":"type-product","3":"status-publish","4":"has-post-thumbnail","6":"product_cat-sem-categoria","8":"first","9":"instock","10":"shipping-taxable","11":"purchasable","12":"product-type-simple"},"_links":{"self":[{"href":"https:\/\/viviani.raphaelcarvalho.com.br\/index.php\/wp-json\/wp\/v2\/product\/145","targetHints":{"allow":["GET"]}}],"collection":[{"href":"https:\/\/viviani.raphaelcarvalho.com.br\/index.php\/wp-json\/wp\/v2\/product"}],"about":[{"href":"https:\/\/viviani.raphaelcarvalho.com.br\/index.php\/wp-json\/wp\/v2\/types\/product"}],"replies":[{"embeddable":true,"href":"https:\/\/viviani.raphaelcarvalho.com.br\/index.php\/wp-json\/wp\/v2\/comments?post=145"}],"wp:featuredmedia":[{"embeddable":true,"href":"https:\/\/viviani.raphaelcarvalho.com.br\/index.php\/wp-json\/wp\/v2\/media\/146"}],"wp:attachment":[{"href":"https:\/\/viviani.raphaelcarvalho.com.br\/index.php\/wp-json\/wp\/v2\/media?parent=145"}],"wp:term":[{"taxonomy":"product_cat","embeddable":true,"href":"https:\/\/viviani.raphaelcarvalho.com.br\/index.php\/wp-json\/wp\/v2\/product_cat?post=145"},{"taxonomy":"product_tag","embeddable":true,"href":"https:\/\/viviani.raphaelcarvalho.com.br\/index.php\/wp-json\/wp\/v2\/product_tag?post=145"}],"curies":[{"name":"wp","href":"https:\/\/api.w.org\/{rel}","templated":true}]}}