{"id":150,"date":"2024-11-11T14:41:44","date_gmt":"2024-11-11T14:41:44","guid":{"rendered":"https:\/\/viviani.raphaelcarvalho.com.br\/?post_type=product&#038;p=150"},"modified":"2024-11-11T14:41:44","modified_gmt":"2024-11-11T14:41:44","slug":"cobre-leito-cor-caqui-lencol-veneza-4-pecas-casal-padrao","status":"publish","type":"product","link":"https:\/\/viviani.raphaelcarvalho.com.br\/index.php\/produto\/cobre-leito-cor-caqui-lencol-veneza-4-pecas-casal-padrao\/","title":{"rendered":"Cobre leito cor c\u00e1qui len\u00e7ol veneza 4 pe\u00e7as casal padr\u00e3o"},"content":{"rendered":"<p>Cobre leito veneza casal 4 pe\u00e7as CONT\u00c9M: 01 cobre leito 2,20M X 2,00M. 02 portas travesseiro 0,70CM X 0,50CM. 01 len\u00e7ol (branco) com el\u00e1stico para cama 1,88Mx 1,38M x 0,25CM COMPOSI\u00c7\u00c3O: tecido 100% poli\u00e9ster. forro tnt 40 gramas. &#8211; cobre leito todo matelado. &#8211; \u00f3timo custo E \u00f3tima qualidade de m\u00e3o de obra. &#8211; independente da cor escolhida do cobre leito, O len\u00e7ol debaixo ser\u00e1 branco.<\/p>\n","protected":false},"excerpt":{"rendered":"<p>Cobre leito veneza casal 4 pe\u00e7as CONT\u00c9M: 01 cobre leito 2,20M X 2,00M. 02 portas travesseiro 0,70CM X 0,50CM. 01 len\u00e7ol (branco) com el\u00e1stico para cama 1,88Mx 1,38M x 0,25CM COMPOSI\u00c7\u00c3O: tecido 100% poli\u00e9ster. forro tnt 40 gramas. &#8211; cobre leito todo matelado. &#8211; \u00f3timo custo E \u00f3tima qualidade de m\u00e3o de obra. &#8211; independente [&hellip;]<\/p>\n","protected":false},"featured_media":151,"comment_status":"open","ping_status":"closed","template":"","meta":[],"product_cat":[19],"product_tag":[],"class_list":{"0":"post-150","1":"product","2":"type-product","3":"status-publish","4":"has-post-thumbnail","6":"product_cat-sem-categoria","8":"first","9":"instock","10":"shipping-taxable","11":"purchasable","12":"product-type-simple"},"_links":{"self":[{"href":"https:\/\/viviani.raphaelcarvalho.com.br\/index.php\/wp-json\/wp\/v2\/product\/150","targetHints":{"allow":["GET"]}}],"collection":[{"href":"https:\/\/viviani.raphaelcarvalho.com.br\/index.php\/wp-json\/wp\/v2\/product"}],"about":[{"href":"https:\/\/viviani.raphaelcarvalho.com.br\/index.php\/wp-json\/wp\/v2\/types\/product"}],"replies":[{"embeddable":true,"href":"https:\/\/viviani.raphaelcarvalho.com.br\/index.php\/wp-json\/wp\/v2\/comments?post=150"}],"wp:featuredmedia":[{"embeddable":true,"href":"https:\/\/viviani.raphaelcarvalho.com.br\/index.php\/wp-json\/wp\/v2\/media\/151"}],"wp:attachment":[{"href":"https:\/\/viviani.raphaelcarvalho.com.br\/index.php\/wp-json\/wp\/v2\/media?parent=150"}],"wp:term":[{"taxonomy":"product_cat","embeddable":true,"href":"https:\/\/viviani.raphaelcarvalho.com.br\/index.php\/wp-json\/wp\/v2\/product_cat?post=150"},{"taxonomy":"product_tag","embeddable":true,"href":"https:\/\/viviani.raphaelcarvalho.com.br\/index.php\/wp-json\/wp\/v2\/product_tag?post=150"}],"curies":[{"name":"wp","href":"https:\/\/api.w.org\/{rel}","templated":true}]}}