{"id":160,"date":"2024-11-11T15:05:56","date_gmt":"2024-11-11T15:05:56","guid":{"rendered":"https:\/\/viviani.raphaelcarvalho.com.br\/?post_type=product&#038;p=160"},"modified":"2024-11-11T15:05:56","modified_gmt":"2024-11-11T15:05:56","slug":"jogo-pano-de-prato-atoalhado-7-pecas-100-algodao-diversos","status":"publish","type":"product","link":"https:\/\/viviani.raphaelcarvalho.com.br\/index.php\/produto\/jogo-pano-de-prato-atoalhado-7-pecas-100-algodao-diversos\/","title":{"rendered":"Jogo pano de prato atoalhado 7 pe\u00e7as- 100% algod\u00e3o -diversos"},"content":{"rendered":"<p>Pr\u00e1tico e funcional, o Jogo Pano de Prato Atoalhado \u00e9 confeccionado em algod\u00e3o, sendo por isso totalmente absorv\u00edveis e macios. Com lindas estampas, deixam a sua cozinha mais elegante e com muito mais praticidade. Embalagem cont\u00e9m: 07 panos de prato 60 x 40 cm Composi\u00e7\u00e3o: Tecido: 100% Algod\u00e3o &#8211; Estampas diversas<\/p>\n","protected":false},"excerpt":{"rendered":"<p>Pr\u00e1tico e funcional, o Jogo Pano de Prato Atoalhado \u00e9 confeccionado em algod\u00e3o, sendo por isso totalmente absorv\u00edveis e macios. Com lindas estampas, deixam a sua cozinha mais elegante e com muito mais praticidade. Embalagem cont\u00e9m: 07 panos de prato 60 x 40 cm Composi\u00e7\u00e3o: Tecido: 100% Algod\u00e3o &#8211; Estampas diversas<\/p>\n","protected":false},"featured_media":161,"comment_status":"open","ping_status":"closed","template":"","meta":[],"product_cat":[19],"product_tag":[],"class_list":{"0":"post-160","1":"product","2":"type-product","3":"status-publish","4":"has-post-thumbnail","6":"product_cat-sem-categoria","8":"first","9":"instock","10":"shipping-taxable","11":"purchasable","12":"product-type-simple"},"_links":{"self":[{"href":"https:\/\/viviani.raphaelcarvalho.com.br\/index.php\/wp-json\/wp\/v2\/product\/160","targetHints":{"allow":["GET"]}}],"collection":[{"href":"https:\/\/viviani.raphaelcarvalho.com.br\/index.php\/wp-json\/wp\/v2\/product"}],"about":[{"href":"https:\/\/viviani.raphaelcarvalho.com.br\/index.php\/wp-json\/wp\/v2\/types\/product"}],"replies":[{"embeddable":true,"href":"https:\/\/viviani.raphaelcarvalho.com.br\/index.php\/wp-json\/wp\/v2\/comments?post=160"}],"wp:featuredmedia":[{"embeddable":true,"href":"https:\/\/viviani.raphaelcarvalho.com.br\/index.php\/wp-json\/wp\/v2\/media\/161"}],"wp:attachment":[{"href":"https:\/\/viviani.raphaelcarvalho.com.br\/index.php\/wp-json\/wp\/v2\/media?parent=160"}],"wp:term":[{"taxonomy":"product_cat","embeddable":true,"href":"https:\/\/viviani.raphaelcarvalho.com.br\/index.php\/wp-json\/wp\/v2\/product_cat?post=160"},{"taxonomy":"product_tag","embeddable":true,"href":"https:\/\/viviani.raphaelcarvalho.com.br\/index.php\/wp-json\/wp\/v2\/product_tag?post=160"}],"curies":[{"name":"wp","href":"https:\/\/api.w.org\/{rel}","templated":true}]}}