{"id":162,"date":"2024-11-11T15:06:26","date_gmt":"2024-11-11T15:06:26","guid":{"rendered":"https:\/\/viviani.raphaelcarvalho.com.br\/?post_type=product&#038;p=162"},"modified":"2024-11-11T15:06:26","modified_gmt":"2024-11-11T15:06:26","slug":"jogo-de-facas-tramontina-plenus-4-pecas-aco-inox-preto","status":"publish","type":"product","link":"https:\/\/viviani.raphaelcarvalho.com.br\/index.php\/produto\/jogo-de-facas-tramontina-plenus-4-pecas-aco-inox-preto\/","title":{"rendered":"Jogo de Facas Tramontina Plenus 4 Pe\u00e7as A\u00e7o Inox Preto"},"content":{"rendered":"<p>O jogo de facas Tramontina Plenus com l\u00e2minas em a\u00e7o inox e cabos de polipropileno preto 04 pe\u00e7as ser\u00e1 seu ajudante perfeito na hora de preparar suas refei\u00e7\u00f5es, sejam elas com carnes, legumes ou frutas. Perfeito para uso di\u00e1rio, ele \u00e9 composto por facas desenvolvidas com l\u00e2minas em a\u00e7o inox com tratamento t\u00e9rmico e devido a isso, garantem um excelente fio de corte. Os cabos s\u00e3o em polipropileno na cor preta, s\u00e3o resistentes e dur\u00e1veis, podendo ainda, ir \u00e0 m\u00e1quina de lavar lou\u00e7as. Escolha Tramontina e deixe seu dia a dia na cozinha muito mais pr\u00e1tico! L\u00e2minas de a\u00e7o inox com maior durabilidade do fio devido ao tratamento t\u00e9rmico. Cabos de polipropileno com maior resist\u00eancia e durabilidade. Podem ir \u00e0 m\u00e1quina de lavar lou\u00e7as facilitando seu dia a dia. Conte\u00fado da Embalagem: 01 Faca para Churrasco e Frutas 5&#8243; Plenus 01 Faca para Legumes e Frutas 3&#8243; Plenus 01 Faca para Cozinha 6&#8243; Plenus 01 Faca Chef 7&#8243; Plenus<\/p>\n","protected":false},"excerpt":{"rendered":"<p>O jogo de facas Tramontina Plenus com l\u00e2minas em a\u00e7o inox e cabos de polipropileno preto 04 pe\u00e7as ser\u00e1 seu ajudante perfeito na hora de preparar suas refei\u00e7\u00f5es, sejam elas com carnes, legumes ou frutas. Perfeito para uso di\u00e1rio, ele \u00e9 composto por facas desenvolvidas com l\u00e2minas em a\u00e7o inox com tratamento t\u00e9rmico e devido [&hellip;]<\/p>\n","protected":false},"featured_media":163,"comment_status":"open","ping_status":"closed","template":"","meta":[],"product_cat":[19],"product_tag":[],"class_list":{"0":"post-162","1":"product","2":"type-product","3":"status-publish","4":"has-post-thumbnail","6":"product_cat-sem-categoria","8":"first","9":"instock","10":"shipping-taxable","11":"purchasable","12":"product-type-simple"},"_links":{"self":[{"href":"https:\/\/viviani.raphaelcarvalho.com.br\/index.php\/wp-json\/wp\/v2\/product\/162","targetHints":{"allow":["GET"]}}],"collection":[{"href":"https:\/\/viviani.raphaelcarvalho.com.br\/index.php\/wp-json\/wp\/v2\/product"}],"about":[{"href":"https:\/\/viviani.raphaelcarvalho.com.br\/index.php\/wp-json\/wp\/v2\/types\/product"}],"replies":[{"embeddable":true,"href":"https:\/\/viviani.raphaelcarvalho.com.br\/index.php\/wp-json\/wp\/v2\/comments?post=162"}],"wp:featuredmedia":[{"embeddable":true,"href":"https:\/\/viviani.raphaelcarvalho.com.br\/index.php\/wp-json\/wp\/v2\/media\/163"}],"wp:attachment":[{"href":"https:\/\/viviani.raphaelcarvalho.com.br\/index.php\/wp-json\/wp\/v2\/media?parent=162"}],"wp:term":[{"taxonomy":"product_cat","embeddable":true,"href":"https:\/\/viviani.raphaelcarvalho.com.br\/index.php\/wp-json\/wp\/v2\/product_cat?post=162"},{"taxonomy":"product_tag","embeddable":true,"href":"https:\/\/viviani.raphaelcarvalho.com.br\/index.php\/wp-json\/wp\/v2\/product_tag?post=162"}],"curies":[{"name":"wp","href":"https:\/\/api.w.org\/{rel}","templated":true}]}}