{"id":164,"date":"2024-11-11T15:07:02","date_gmt":"2024-11-11T15:07:02","guid":{"rendered":"https:\/\/viviani.raphaelcarvalho.com.br\/?post_type=product&#038;p=164"},"modified":"2024-11-11T15:07:02","modified_gmt":"2024-11-11T15:07:02","slug":"jogo-de-bacia-3-pecas-plastico-redonda-multiuso-azul-claro-canelada","status":"publish","type":"product","link":"https:\/\/viviani.raphaelcarvalho.com.br\/index.php\/produto\/jogo-de-bacia-3-pecas-plastico-redonda-multiuso-azul-claro-canelada\/","title":{"rendered":"Jogo de Bacia 3 Pe\u00e7as Plastico Redonda Multiuso Azul Claro Canelada"},"content":{"rendered":"<p>Jogo de bacia 3 pe\u00e7as plastico Deixe sua cozinha muito mais pr\u00e1tica, organizada e bonita! Produto em pl\u00e1stico de qualidade, a fim de atender as necessidades do cliente. Perfeita para diversas ocasi\u00f5es. Prepare varias refei\u00e7\u00f5es para a fam\u00edlia com esse jogo de bacias super resistente e com um design inovador, ideal para levar aos piqueniques em fam\u00edlia ou com amigos. As pe\u00e7as s\u00e3o pr\u00e1ticas de manusear e lavar. Desenvolvidas em pl\u00e1stico excelente qualidade, s\u00e3o muito resistentes &#8211; n\u00e3o absorvem cheiro, cor ou sabor. Surpreenda &#8211; se! aten\u00e7\u00e3o: Enviamos para todo o pa\u00eds. Produto dispon\u00edvel em estoque. Detalhes do produto: *Material: Pl\u00e1stico *Litragem da Bacia Pequena: 1,5 Litros *Litragem da Bacia M\u00e9dia: 2,0 Litros *Litragem da Bacia Grande: 5,0 Litros Conte\u00fado da Embalagem: 3 bacias Garantia de f\u00e1brica. Qualquer d\u00favida, estamos \u00e0 disposi\u00e7\u00e3o<\/p>\n","protected":false},"excerpt":{"rendered":"<p>Jogo de bacia 3 pe\u00e7as plastico Deixe sua cozinha muito mais pr\u00e1tica, organizada e bonita! Produto em pl\u00e1stico de qualidade, a fim de atender as necessidades do cliente. Perfeita para diversas ocasi\u00f5es. Prepare varias refei\u00e7\u00f5es para a fam\u00edlia com esse jogo de bacias super resistente e com um design inovador, ideal para levar aos piqueniques [&hellip;]<\/p>\n","protected":false},"featured_media":165,"comment_status":"open","ping_status":"closed","template":"","meta":[],"product_cat":[19],"product_tag":[],"class_list":{"0":"post-164","1":"product","2":"type-product","3":"status-publish","4":"has-post-thumbnail","6":"product_cat-sem-categoria","8":"first","9":"instock","10":"shipping-taxable","11":"purchasable","12":"product-type-simple"},"_links":{"self":[{"href":"https:\/\/viviani.raphaelcarvalho.com.br\/index.php\/wp-json\/wp\/v2\/product\/164","targetHints":{"allow":["GET"]}}],"collection":[{"href":"https:\/\/viviani.raphaelcarvalho.com.br\/index.php\/wp-json\/wp\/v2\/product"}],"about":[{"href":"https:\/\/viviani.raphaelcarvalho.com.br\/index.php\/wp-json\/wp\/v2\/types\/product"}],"replies":[{"embeddable":true,"href":"https:\/\/viviani.raphaelcarvalho.com.br\/index.php\/wp-json\/wp\/v2\/comments?post=164"}],"wp:featuredmedia":[{"embeddable":true,"href":"https:\/\/viviani.raphaelcarvalho.com.br\/index.php\/wp-json\/wp\/v2\/media\/165"}],"wp:attachment":[{"href":"https:\/\/viviani.raphaelcarvalho.com.br\/index.php\/wp-json\/wp\/v2\/media?parent=164"}],"wp:term":[{"taxonomy":"product_cat","embeddable":true,"href":"https:\/\/viviani.raphaelcarvalho.com.br\/index.php\/wp-json\/wp\/v2\/product_cat?post=164"},{"taxonomy":"product_tag","embeddable":true,"href":"https:\/\/viviani.raphaelcarvalho.com.br\/index.php\/wp-json\/wp\/v2\/product_tag?post=164"}],"curies":[{"name":"wp","href":"https:\/\/api.w.org\/{rel}","templated":true}]}}