{"id":166,"date":"2024-11-11T15:07:42","date_gmt":"2024-11-11T15:07:42","guid":{"rendered":"https:\/\/viviani.raphaelcarvalho.com.br\/?post_type=product&#038;p=166"},"modified":"2024-11-11T15:07:42","modified_gmt":"2024-11-11T15:07:42","slug":"conjunto-de-copos-nadir-330ml","status":"publish","type":"product","link":"https:\/\/viviani.raphaelcarvalho.com.br\/index.php\/produto\/conjunto-de-copos-nadir-330ml\/","title":{"rendered":"Conjunto de Copos Nadir 330ml"},"content":{"rendered":"<p>Caracter\u00edsticas do Produto: Marca: Nadir Cor: Transparente Material: Vidro Capacidade: 330ml Recomenda\u00e7\u00f5es de uso: Lave o seu produto com cuidado evitando uso de abrasivos, como palha de a\u00e7o ou sapon\u00e1ceo. Evite risc\u00e1-lo com utens\u00edlios pontiagudos. Conte\u00fado da Embalagem: 6 Unidades Conjunto de Copos 330ml Nadir Vegas Long Drink<\/p>\n","protected":false},"excerpt":{"rendered":"<p>Caracter\u00edsticas do Produto: Marca: Nadir Cor: Transparente Material: Vidro Capacidade: 330ml Recomenda\u00e7\u00f5es de uso: Lave o seu produto com cuidado evitando uso de abrasivos, como palha de a\u00e7o ou sapon\u00e1ceo. Evite risc\u00e1-lo com utens\u00edlios pontiagudos. Conte\u00fado da Embalagem: 6 Unidades Conjunto de Copos 330ml Nadir Vegas Long Drink<\/p>\n","protected":false},"featured_media":167,"comment_status":"open","ping_status":"closed","template":"","meta":[],"product_cat":[19],"product_tag":[],"class_list":{"0":"post-166","1":"product","2":"type-product","3":"status-publish","4":"has-post-thumbnail","6":"product_cat-sem-categoria","8":"first","9":"instock","10":"shipping-taxable","11":"purchasable","12":"product-type-simple"},"_links":{"self":[{"href":"https:\/\/viviani.raphaelcarvalho.com.br\/index.php\/wp-json\/wp\/v2\/product\/166","targetHints":{"allow":["GET"]}}],"collection":[{"href":"https:\/\/viviani.raphaelcarvalho.com.br\/index.php\/wp-json\/wp\/v2\/product"}],"about":[{"href":"https:\/\/viviani.raphaelcarvalho.com.br\/index.php\/wp-json\/wp\/v2\/types\/product"}],"replies":[{"embeddable":true,"href":"https:\/\/viviani.raphaelcarvalho.com.br\/index.php\/wp-json\/wp\/v2\/comments?post=166"}],"wp:featuredmedia":[{"embeddable":true,"href":"https:\/\/viviani.raphaelcarvalho.com.br\/index.php\/wp-json\/wp\/v2\/media\/167"}],"wp:attachment":[{"href":"https:\/\/viviani.raphaelcarvalho.com.br\/index.php\/wp-json\/wp\/v2\/media?parent=166"}],"wp:term":[{"taxonomy":"product_cat","embeddable":true,"href":"https:\/\/viviani.raphaelcarvalho.com.br\/index.php\/wp-json\/wp\/v2\/product_cat?post=166"},{"taxonomy":"product_tag","embeddable":true,"href":"https:\/\/viviani.raphaelcarvalho.com.br\/index.php\/wp-json\/wp\/v2\/product_tag?post=166"}],"curies":[{"name":"wp","href":"https:\/\/api.w.org\/{rel}","templated":true}]}}