{"id":168,"date":"2024-11-11T15:09:09","date_gmt":"2024-11-11T15:09:09","guid":{"rendered":"https:\/\/viviani.raphaelcarvalho.com.br\/?post_type=product&#038;p=168"},"modified":"2024-11-11T15:09:09","modified_gmt":"2024-11-11T15:09:09","slug":"conjunto-de-tacas-de-vinho-com-360ml-vidro-resistente-4mm-6-unidades","status":"publish","type":"product","link":"https:\/\/viviani.raphaelcarvalho.com.br\/index.php\/produto\/conjunto-de-tacas-de-vinho-com-360ml-vidro-resistente-4mm-6-unidades\/","title":{"rendered":"Conjunto De Ta\u00e7as De Vinho Com 360ml Vidro Resistente 4mm &#8211; 6 Unidades"},"content":{"rendered":"<p>Taca para vinho de vidro empire 360ML 6 pe\u00e7as S\u00e3o lindas as Ta\u00e7as de Vidro Empire da Hauskraft, perfeitas para acompanhar diversas refei\u00e7\u00f5es tomando um bom vinho com muita praticidade, seu designer diferenciado traz beleza e design impec\u00e1vel para a sua mesa. &#8211; Dimens\u00f5es da Pe\u00e7a: 8 x 8 x 18cm &#8211; Material: Vidro &#8211; Cor: Incolor &#8211; Marca: Ha\u00fcskraft &#8211; Capacidade: 360ml. &#8211; Espessura: 4mm. &#8211; Cuidados: &#8211; Use somente esponja macia e sab\u00e3o neutro. &#8211; N\u00e3o limpe as pe\u00e7as com esponja \u00e1spera, palha de a\u00e7o ou protutos abrasivos. &#8211; Enx\u00e1gue com \u00e1gua em abund\u00e2ncia. &#8211; Para secar, utilize um pano seco e macio.<\/p>\n","protected":false},"excerpt":{"rendered":"<p>Taca para vinho de vidro empire 360ML 6 pe\u00e7as S\u00e3o lindas as Ta\u00e7as de Vidro Empire da Hauskraft, perfeitas para acompanhar diversas refei\u00e7\u00f5es tomando um bom vinho com muita praticidade, seu designer diferenciado traz beleza e design impec\u00e1vel para a sua mesa. &#8211; Dimens\u00f5es da Pe\u00e7a: 8 x 8 x 18cm &#8211; Material: Vidro &#8211; [&hellip;]<\/p>\n","protected":false},"featured_media":169,"comment_status":"open","ping_status":"closed","template":"","meta":[],"product_cat":[19],"product_tag":[],"class_list":{"0":"post-168","1":"product","2":"type-product","3":"status-publish","4":"has-post-thumbnail","6":"product_cat-sem-categoria","8":"first","9":"instock","10":"shipping-taxable","11":"purchasable","12":"product-type-simple"},"_links":{"self":[{"href":"https:\/\/viviani.raphaelcarvalho.com.br\/index.php\/wp-json\/wp\/v2\/product\/168","targetHints":{"allow":["GET"]}}],"collection":[{"href":"https:\/\/viviani.raphaelcarvalho.com.br\/index.php\/wp-json\/wp\/v2\/product"}],"about":[{"href":"https:\/\/viviani.raphaelcarvalho.com.br\/index.php\/wp-json\/wp\/v2\/types\/product"}],"replies":[{"embeddable":true,"href":"https:\/\/viviani.raphaelcarvalho.com.br\/index.php\/wp-json\/wp\/v2\/comments?post=168"}],"wp:featuredmedia":[{"embeddable":true,"href":"https:\/\/viviani.raphaelcarvalho.com.br\/index.php\/wp-json\/wp\/v2\/media\/169"}],"wp:attachment":[{"href":"https:\/\/viviani.raphaelcarvalho.com.br\/index.php\/wp-json\/wp\/v2\/media?parent=168"}],"wp:term":[{"taxonomy":"product_cat","embeddable":true,"href":"https:\/\/viviani.raphaelcarvalho.com.br\/index.php\/wp-json\/wp\/v2\/product_cat?post=168"},{"taxonomy":"product_tag","embeddable":true,"href":"https:\/\/viviani.raphaelcarvalho.com.br\/index.php\/wp-json\/wp\/v2\/product_tag?post=168"}],"curies":[{"name":"wp","href":"https:\/\/api.w.org\/{rel}","templated":true}]}}