{"id":170,"date":"2024-11-11T15:09:37","date_gmt":"2024-11-11T15:09:37","guid":{"rendered":"https:\/\/viviani.raphaelcarvalho.com.br\/?post_type=product&#038;p=170"},"modified":"2024-11-11T15:09:37","modified_gmt":"2024-11-11T15:09:37","slug":"jogo-copo-cylinder-agua-e-suco-vidro-300ml-kit-6-unidades","status":"publish","type":"product","link":"https:\/\/viviani.raphaelcarvalho.com.br\/index.php\/produto\/jogo-copo-cylinder-agua-e-suco-vidro-300ml-kit-6-unidades\/","title":{"rendered":"Jogo Copo Cylinder Agua e Suco Vidro 300ml &#8211; Kit 6 Unidades"},"content":{"rendered":"<p>COPO CYLINDER LONG DRINK 300ML CAIXA COM 6 UNIDADES &#8211; NADIR FIGUEIREDO Copo Cylinder Long Drink, com capacidade para 300ml. O Conjunto de Copo Cylinder da Nadir Figueiredo \u00e9 sin\u00f4nimo de um design reconhecido por sua ess\u00eancia cool, intensa e sofisticada. Sirva seus convidados com muito mais charme e eleg\u00e2ncia com o Conjunto de Copos Cylinder. Prefeito para complementar a sua mesa de forma moderna e vers\u00e1til. Ele \u00e9 produzido em vidro, um material que n\u00e3o absorve cheiro, cor ou sabor dos alimentos. Medidas do Produto: 6.5 x 13 cm &#8211; 300 ml &#8211; 0.21 kg Refer\u00eancia: 7700 Produzido em vidro; 100% recicl\u00e1vel; higi\u00eanico e f\u00e1cil de limpar. Pode ser levado ao lava-lou\u00e7as.<\/p>\n","protected":false},"excerpt":{"rendered":"<p>COPO CYLINDER LONG DRINK 300ML CAIXA COM 6 UNIDADES &#8211; NADIR FIGUEIREDO Copo Cylinder Long Drink, com capacidade para 300ml. O Conjunto de Copo Cylinder da Nadir Figueiredo \u00e9 sin\u00f4nimo de um design reconhecido por sua ess\u00eancia cool, intensa e sofisticada. Sirva seus convidados com muito mais charme e eleg\u00e2ncia com o Conjunto de Copos [&hellip;]<\/p>\n","protected":false},"featured_media":171,"comment_status":"open","ping_status":"closed","template":"","meta":[],"product_cat":[19],"product_tag":[],"class_list":{"0":"post-170","1":"product","2":"type-product","3":"status-publish","4":"has-post-thumbnail","6":"product_cat-sem-categoria","8":"first","9":"instock","10":"shipping-taxable","11":"purchasable","12":"product-type-simple"},"_links":{"self":[{"href":"https:\/\/viviani.raphaelcarvalho.com.br\/index.php\/wp-json\/wp\/v2\/product\/170","targetHints":{"allow":["GET"]}}],"collection":[{"href":"https:\/\/viviani.raphaelcarvalho.com.br\/index.php\/wp-json\/wp\/v2\/product"}],"about":[{"href":"https:\/\/viviani.raphaelcarvalho.com.br\/index.php\/wp-json\/wp\/v2\/types\/product"}],"replies":[{"embeddable":true,"href":"https:\/\/viviani.raphaelcarvalho.com.br\/index.php\/wp-json\/wp\/v2\/comments?post=170"}],"wp:featuredmedia":[{"embeddable":true,"href":"https:\/\/viviani.raphaelcarvalho.com.br\/index.php\/wp-json\/wp\/v2\/media\/171"}],"wp:attachment":[{"href":"https:\/\/viviani.raphaelcarvalho.com.br\/index.php\/wp-json\/wp\/v2\/media?parent=170"}],"wp:term":[{"taxonomy":"product_cat","embeddable":true,"href":"https:\/\/viviani.raphaelcarvalho.com.br\/index.php\/wp-json\/wp\/v2\/product_cat?post=170"},{"taxonomy":"product_tag","embeddable":true,"href":"https:\/\/viviani.raphaelcarvalho.com.br\/index.php\/wp-json\/wp\/v2\/product_tag?post=170"}],"curies":[{"name":"wp","href":"https:\/\/api.w.org\/{rel}","templated":true}]}}